{"id":5,"date":"2023-05-07T11:10:15","date_gmt":"2023-05-07T11:10:15","guid":{"rendered":"https:\/\/migliorihashtag.it\/?page_id=5"},"modified":"2023-05-10T18:52:39","modified_gmt":"2023-05-10T18:52:39","slug":"5-2","status":"publish","type":"page","link":"https:\/\/migliorihashtag.it\/","title":{"rendered":"Migliori hashtag"},"content":{"rendered":"\n<div class=\"wp-block-uagb-container uagb-block-a5f3a032 alignfull uagb-is-root-container\"><div class=\"uagb-container-inner-blocks-wrap\">\n<h2 class=\"wp-block-heading has-text-color\" style=\"color:#5bbab5;margin-top:var(--wp--preset--spacing--60);margin-right:0;margin-bottom:0;margin-left:0\"><strong><strong>I migliori hashtag di Instagram nel 2023: come usarli per aumentare il tuo seguito<\/strong><\/strong><\/h2>\n\n\n\n<p style=\"margin-top:0;margin-right:0;margin-bottom:var(--wp--preset--spacing--60);margin-left:0\">Gli hashtag di Instagram possono essere intimidatori. Soprattutto sentiamo spesso questo commento da persone che vogliono utilizzare Instagram come strumento di marketing o per monetizzare la loro creativit\u00e0. Fortunatamente, con un po&#8217; di conoscenza e gli strumenti giusti, \u00e8 veramente alla portata di tutti raggiungere grandi obiettivi sulla piattaforma e beneficiare della loro presenza. Oggi, parleremo in dettaglio del ruolo degli hashtag di Instagram pertinenti, perch\u00e9 quando si tratta di crescere il proprio profilo, DEVI comprendere quanto siano importanti per il tuo successo.<br><br>Come probabilmente gi\u00e0 sai, Instagram \u00e8 diventato uno dei social media pi\u00f9 popolari degli ultimi anni, con oltre due miliardi di utenti attivi mensili. Inizialmente progettato per condividere foto quadrate, l&#8217;app \u00e8 rapidamente diventata un centro per creatori di contenuti, influencer e proprietari di brand per mostrare la loro creativit\u00e0, creare un&#8217;uscita per i loro pensieri, raggiungere un pubblico pi\u00f9 vasto e raccogliere persone simili a loro. Mentre Instagram era inizialmente una piattaforma per condividere ricordi con amici e intrattenimento, questi giorni sono ormai passati: adesso, \u00e8 uno strumento di marketing potente per connettersi con persone di tutto il mondo ed \u00e8 diventato anche una fonte di reddito principale per molti creatori.<br><br>Se sei interessato a imparare come diventare uno di loro e far crescere il tuo profilo Instagram in modo strategico, sei fortunato: in questa guida, ci concentreremo su tutto ci\u00f2 che devi sapere sugli hashtag di Instagram per aumentare il tuo seguito, far crescere la tua trib\u00f9 fedele e rendere il processo privo di stress. Andiamo a scoprirlo!<\/p>\n<\/div><\/div>\n\n\n\n<div class=\"wp-block-uagb-container uagb-block-e1c6f832 alignfull uagb-is-root-container\"><div class=\"uagb-container-inner-blocks-wrap\">\n<div class=\"wp-block-uagb-call-to-action uagb-block-67259972 wp-block-button\"><div class=\"uagb-cta__wrap\"><h3 class=\"uagb-cta__title\">Controllare quali hashtag sono vietati<\/h3><\/div><div class=\"uagb-cta__buttons\"><a href=\"https:\/\/iqhashtags.com\/\" class=\"uagb-cta__button-link-wrapper wp-block-button__link\" target=\"_self\" rel=\"noopener noreferrer\">Vai all&#8217;applicazione<\/a><\/div><\/div>\n<\/div><\/div>\n\n\n\n<div class=\"wp-block-uagb-container uagb-block-47824ea7 alignfull uagb-is-root-container\"><div class=\"uagb-container-inner-blocks-wrap\">\n<h2 class=\"wp-block-heading has-text-color\" style=\"color:#5bbab5;margin-top:var(--wp--preset--spacing--60);margin-right:0;margin-bottom:0;margin-left:0\"><strong><strong><strong>Cosa sono gli hashtag di Instagram?<\/strong><\/strong><\/strong><\/h2>\n\n\n\n<p class=\"has-text-color\" style=\"color:#eaeaea;margin-top:0;margin-right:0;margin-bottom:var(--wp--preset--spacing--60);margin-left:0\">Aspetta un attimo, cosa sono esattamente gli hashtag di Instagram?<br><br>Un hashtag \u00e8 una combinazione di lettere (a volte con numeri o emoji) preceduta dal simbolo # (ad esempio, #HashtagsSonoImportanti). Sono parole e frasi specifiche che gli utenti di Instagram utilizzano per trovare il contenuto che stanno cercando. Consentono di trovare contenuti pertinenti quando si utilizza il motore di ricerca di Instagram. In questo modo, gli hashtag rendono il tuo contenuto ricercabile e molto pi\u00f9 scopribile!<br><br>Ogni hashtag \u00e8 cliccabile, il che significa che gli utenti che cliccano su qualsiasi hashtag o cercano un hashtag vedranno una pagina di esplorazione dedicata che mostra altri post e Reels contrassegnati con quell&#8217;hashtag.<br><br>Ad esempio, quando usi l&#8217;hashtag #ispirazioniperabiti da sposa in uno dei tuoi post, quando qualcuno clicca su quell&#8217;hashtag, scoprir\u00e0 una pagina di esplorazione completa con post simili al tuo. Funziona in entrambi i modi, ovviamente, ed \u00e8 per questo che l&#8217;utilizzo degli hashtag aumenta la visibilit\u00e0 ed \u00e8 considerato il modo pi\u00f9 efficace per raggiungere nuovi pubblici.<br><br>Gli hashtag sono anche un modo efficiente per organizzare il contenuto che stiamo pubblicando. Aiutano gli algoritmi di Instagram a comprendere i tuoi post regolari, caroselli o Reels e abbinarli ai tuoi potenziali follower &#8211; persone interessate al tuo contenuto.<\/p>\n<\/div><\/div>\n\n\n\n<div class=\"wp-block-uagb-container uagb-block-9a60e487 alignfull uagb-is-root-container\"><div class=\"uagb-container-inner-blocks-wrap\">\n<h2 class=\"wp-block-heading has-text-color\" style=\"color:#5bbab5;margin-top:var(--wp--preset--spacing--60);margin-right:0;margin-bottom:0;margin-left:0\"><strong><strong><strong>Perch\u00e9 dovremmo usare gli hashtag?<\/strong><\/strong><\/strong><\/h2>\n\n\n\n<p style=\"margin-top:0;margin-right:0;margin-bottom:0;margin-left:0\">Instagram \u00e8 la piattaforma di social media pi\u00f9 orientata agli hashtag. Il segreto per attrarre il tuo pubblico di riferimento e far crescere la tua trib\u00f9 \u00e8 utilizzare quelli giusti e pi\u00f9 pertinenti. \u00c8 anche importante ricordare che gli algoritmi di Instagram giocano un ruolo significativo nel nostro successo sulla piattaforma e che utilizzando gli hashtag migliori, li aiutiamo a categorizzare i nostri post in modo che la piattaforma possa distribuirli pi\u00f9 facilmente.<br><br>Perch\u00e9 dovresti includere gli hashtag in ogni post di Instagram?<\/p>\n\n\n\n<ul class=\"wp-block-list\" style=\"margin-top:0;margin-right:0;margin-bottom:0;margin-left:0\">\n<li>Gli hashtag si comportano proprio come una biblioteca di tutti i post di Instagram. Rendono i tuoi post e Reels scopribili, il che significa che il tuo pubblico di riferimento pu\u00f2 facilmente trovare ci\u00f2 che sta cercando.<\/li>\n\n\n\n<li>Gli hashtag di Instagram ti aiutano a costruire la tua comunit\u00e0 impegnata perch\u00e9 sei pi\u00f9 propenso ad attirare persone simili a te, che sono veramente interessate alla tua nicchia, e sono pi\u00f9 propensi a diventare membri fedeli della tua trib\u00f9.<\/li>\n\n\n\n<li>Molte persone decidono di seguire i loro hashtag preferiti, il che ti d\u00e0 un&#8217;opportunit\u00e0 fantastica per apparire nel loro feed con il tuo contenuto hashtag, anche se non ti seguono ancora.<\/li>\n\n\n\n<li>Quando pubblichi un hashtag nella tua didascalia, il tuo contenuto apparir\u00e0 nella pagina di esplorazione per quel determinato hashtag. Puoi ottenere una visibilit\u00e0 extra se il tuo post raggiunge i primi 9 post per un determinato hashtag. Come gi\u00e0 sai, ogni hashtag ha la propria pagina di esplorazione. Le pagine degli hashtag presentano i primi 9 post accompagnati da quell&#8217;hashtag (presentano anche i post pi\u00f9 recenti e i Reels di Instagram).<\/li>\n\n\n\n<li>Gli hashtag sono un modo intelligente per far comprendere agli algoritmi di Instagram di che cosa tratta il tuo contenuto. Essi chiariscono anche per chi \u00e8 rilevante il post e chi dovrebbe vederlo.<\/li>\n<\/ul>\n\n\n\n<p><\/p>\n<\/div><\/div>\n\n\n\n<div class=\"wp-block-uagb-container uagb-block-5f4113ee alignfull uagb-is-root-container\"><div class=\"uagb-container-inner-blocks-wrap\">\n<h2 class=\"wp-block-heading has-text-color\" style=\"color:#5bbab5;margin-top:var(--wp--preset--spacing--60);margin-right:0;margin-bottom:0;margin-left:0\"><strong><strong><strong>Come scegliere i migliori hashtag per i tuoi post su Instagram?<\/strong><\/strong><\/strong><\/h2>\n\n\n\n<p class=\"has-text-color\" style=\"color:#eaeaea;margin-top:0;margin-right:0;margin-bottom:0;margin-left:0\">Utilizzare gli hashtag di Instagram pu\u00f2 essere uno dei modi pi\u00f9 efficaci per far crescere il tuo profilo e raggiungere un nuovo pubblico in modo organico. Tuttavia, per utilizzare gli hashtag in modo intelligente e farli funzionare per te (e la tua visibilit\u00e0 sulla piattaforma!), devi capire come funzionano e pensare attentamente alla tua strategia degli hashtag.<br><br>Iniziamo con le tattiche pi\u00f9 pratiche che puoi implementare nella tua strategia degli hashtag subito.<\/p>\n\n\n\n<ol class=\"has-ast-global-color-6-color has-text-color wp-block-list\" style=\"margin-top:0;margin-right:0;margin-bottom:0;margin-left:0\">\n<li>Ricerca gli hashtag di tendenza prima di pubblicare. Questa ricerca ti aiuter\u00e0 a capire cosa stanno cercando le persone in quel momento e quale contenuto consumano di pi\u00f9 al momento. Ad esempio, il volume di ricerca per i migliori hashtag associati al Natale impazzisce intorno al 25 dicembre, e questa tendenza diminuisce nell&#8217;ultima settimana di dicembre. Devo dirti che durante la ricerca degli hashtag di tendenza, \u00e8 possibile scoprire molte tendenze interessanti che ti aiuteranno a comprendere meglio la community di Instagram. Un modo intelligente per eseguire la ricerca degli hashtag di tendenza \u00e8 utilizzare uno strumento come IQ Hashtags, che ti consente di digitare una parola chiave correlata alla tua nicchia e ti mostrer\u00e0 gli hashtag correlati migliori legati alle tue esigenze. Questo \u00e8 un modo fantastico per scoprire gli hashtag di tendenza per i tuoi post e scoprire tendenze che accelereranno la tua crescita organica.<br><br><\/li>\n\n\n\n<li>Utilizza gli hashtag basati sulla posizione. Sono un modo fenomenale per essere scoperti da nuovi potenziali follower, poich\u00e9 sono mirati e altamente ricercabili. Beneficio collaterale? In questo modo, puoi aumentare la tua consapevolezza locale e connetterti con la comunit\u00e0 locale.<br><br><\/li>\n\n\n\n<li>Analizza quale volume di ricerca degli hashtag si adatta meglio alla dimensione del tuo profilo. Pi\u00f9 generale \u00e8 un hashtag, pi\u00f9 competitivo diventa raggiungere i primi dieci post e rimanere nella sezione dei post pi\u00f9 recenti. Idealmente, vuoi utilizzare gli hashtag che sono correlati al tuo post e al tipo di persone che desideri attirare e quelli con cui hai la possibilit\u00e0 di raggiungere la sezione dei primi post, naturalmente. Come distinguere quale volume di ricerca \u00e8 ottimale per te al momento? Inizia analizzando le prestazioni dei tuoi hashtag con la funzione dell&#8217;analisi degli hashtag di IQ Hashtags per monitorare quali hashtag ti stanno dando maggiore esposizione e quale dimensione degli hashtag funziona meglio per te.<br><br><\/li>\n\n\n\n<li>Scopri quali hashtag sta utilizzando il tuo pubblico di riferimento. Pi\u00f9 utilizzi gli hashtag giusti, maggiori sono le possibilit\u00e0 di diventare scoperto dal tuo pubblico di riferimento. Molti hashtag d&#8217;oro funzionano per diverse nicchie, ma prima devi scoprire quali hashtag funzionano per LA TUA nicchia e quali ti aiuteranno ad attirare persone simili a te e il tuo pubblico di riferimento. Pensa come il tuo potenziale follower: quali parole chiave (hashtag) digiterebbero per trovare contenuti interessanti per loro? Mantieni questo approccio in mente durante la ricerca di nuovi hashtag &#8211; questo ti aiuter\u00e0 ad empatizzare e pensare come il tuo pubblico di riferimento per identificare le migliori opportunit\u00e0 o eventuali ostacoli lungo il cammino. Ricorda, pensa come il tuo potenziale follower e includi parole e cose che loro considererebbero importanti.<br><\/li>\n<\/ol>\n\n\n\n<p><\/p>\n<\/div><\/div>\n\n\n\n<div class=\"wp-block-uagb-container uagb-block-063290ba alignfull uagb-is-root-container\"><div class=\"uagb-container-inner-blocks-wrap\">\n<h2 class=\"wp-block-heading has-text-color\" style=\"color:#5bbab5;margin-top:var(--wp--preset--spacing--60);margin-right:0;margin-bottom:0;margin-left:0\"><strong><strong><strong><strong>I pi\u00f9 popolari e di tendenza Instagram Hashtags.<\/strong><\/strong><\/strong><\/strong><\/h2>\n\n\n\n<p style=\"margin-top:0;margin-right:0;margin-bottom:0;margin-left:0\">La ricerca strategica degli hashtag e l&#8217;adesione agli hashtag migliori e pi\u00f9 pertinenti alla tua nicchia sono la chiave della crescita. Tuttavia, di tanto in tanto, non fa male utilizzare gli hashtag pi\u00f9 popolari e di tendenza che sono generali e affollati, ma che talvolta possono darti visualizzazioni o like aggiuntivi. Sei curioso di sapere quali hashtag sono in quella lista al momento?<br><br>#love #instagood #photography #photooftheday #instagram #art #nature #fashion #picoftheday #beautiful #travel #fitness #happy #likeforlikes #follow #style #photo #beauty #instadaily #followforfollowback #makeup #lifestyle #cute #summer #smile #girl #motivation #followme #model #life #instalike #like #design #food #me #tbt #music #sunset #dogsofinstagram #travelphotography #gym #naturephotography #family #artists #friends #handmade #dog #photographer #selfie #workout #fun #bhfyp #explore #interiordesign<br><br>Ricorda di non usarli troppo spesso, poich\u00e9 sono molto generali e non attireranno il tuo pubblico di riferimento e i tuoi follower pi\u00f9 preziosi e impegnati. Tuttavia, se ne aggiungi occasionalmente uno, non hai nulla di cui preoccuparti. Tieni presente che gli hashtag ben mirati che trovi durante la ricerca di hashtag specifici valgono il loro peso in oro &#8211; e gli hashtag pi\u00f9 popolari e affollati, al contrario, non lo sono.<\/p>\n\n\n\n<p><\/p>\n<\/div><\/div>\n\n\n\n<div class=\"wp-block-uagb-container uagb-block-164966c5 alignfull uagb-is-root-container\"><div class=\"uagb-container-inner-blocks-wrap\">\n<h2 class=\"wp-block-heading has-text-color\" style=\"color:#5bbab5;margin-top:var(--wp--preset--spacing--60);margin-right:0;margin-bottom:0;margin-left:0\"><strong><strong><strong><strong>FAQ sugli Hashtag di Instagram<\/strong><\/strong><\/strong><\/strong><\/h2>\n\n\n\n<p class=\"has-text-color\" style=\"color:#eaeaea;margin-top:0;margin-right:0;margin-bottom:0;margin-left:0\">Abbiamo creato una FAQ che riassume tutte le domande sugli hashtag di Instagram che riceviamo pi\u00f9 frequentemente &#8211; perch\u00e9, come dice il vecchio detto, &#8220;Fare domande \u00e8 il primo modo, per iniziare il cambiamento&#8221;. Amiamo le domande, se ce ne fai!<\/p>\n\n\n\n<p class=\"has-text-color\" style=\"color:#eaeaea\"><strong><em>Quanti hashtag dovrei utilizzare nei miei post?<\/em><\/strong><br><br>Puoi includere fino a 30 hashtag in ogni post (e fino a 10 hashtag su una Storia di Instagram). Se digiti pi\u00f9 di 30 hashtag, la didascalia non verr\u00e0 pubblicata e vedrai uno spazio vuoto al posto della tua didascalia accuratamente preparata, quindi scegliere tra i 25-30 hashtag \u00e8 l&#8217;opzione pi\u00f9 sicura.<br><br>Assumendo che pi\u00f9 sia spesso meglio nel mondo dei social media, dovresti utilizzare il massimo di hashtag? Non ti sorprenderemo: s\u00ec, ma solo se riesci a trovare 30 hashtag pertinenti che sono collegati alla tua nicchia. In questo modo, ogni hashtag ti offre l&#8217;opportunit\u00e0 di connetterti con nuovi potenziali follower e ogni singolo hashtag pu\u00f2 fare una grande differenza.<em><br><\/em><br><em><strong><strong><em>Con quale frequenza dovrei aggiornare i miei hashtag?<\/em><\/strong><\/strong><br><\/em><br>Un modo intelligente per capire quali hashtag stanno funzionando per te \u00e8 monitorare le prestazioni degli hashtag (con lo strumento che abbiamo menzionato in precedenza) e tenere traccia degli hashtag con cui raggiungi i &#8220;top post&#8221;. Quindi, continua a utilizzare questi e sostituisci il resto finch\u00e9 i tuoi tassi di engagement non migliorano di nuovo.<br><br><strong><em>Vale la pena aggiungere gli hashtag ai vecchi post?<\/em><\/strong><br><br>Quando si aggiunge un hashtag molto tempo dopo aver pubblicato una foto o un Reel, il post verr\u00e0 aggiunto al feed dell&#8217;hashtag, ma retroattivamente. Ci\u00f2 significa che il tuo contenuto apparir\u00e0 nel feed dell&#8217;hashtag, ma gli utenti dovranno scorrere all&#8217;indietro nel tempo per trovarlo in quella sezione.<\/p>\n<\/div><\/div>\n\n\n\n<div class=\"wp-block-uagb-container uagb-block-70954aed alignfull uagb-is-root-container\"><div class=\"uagb-container-inner-blocks-wrap\">\n<div class=\"wp-block-uagb-call-to-action uagb-block-d74b8970 wp-block-button\"><div class=\"uagb-cta__wrap\"><h3 class=\"uagb-cta__title\">Controllare quali hashtag sono vietati<\/h3><\/div><div class=\"uagb-cta__buttons\"><a href=\"https:\/\/iqhashtags.com\/\" class=\"uagb-cta__button-link-wrapper wp-block-button__link\" target=\"_self\" rel=\"noopener noreferrer\">Vai all&#8217;applicazione<\/a><\/div><\/div>\n<\/div><\/div>\n","protected":false},"excerpt":{"rendered":"","protected":false},"author":1,"featured_media":0,"parent":0,"menu_order":0,"comment_status":"closed","ping_status":"closed","template":"","meta":{"_uag_custom_page_level_css":"","site-sidebar-layout":"default","site-content-layout":"default","ast-global-header-display":"","ast-main-header-display":"","ast-hfb-above-header-display":"","ast-hfb-below-header-display":"","ast-hfb-mobile-header-display":"","site-post-title":"disabled","ast-breadcrumbs-content":"","ast-featured-img":"","footer-sml-layout":"","theme-transparent-header-meta":"","adv-header-id-meta":"","stick-header-meta":"","header-above-stick-meta":"","header-main-stick-meta":"","header-below-stick-meta":"","footnotes":""},"class_list":["post-5","page","type-page","status-publish","hentry"],"uagb_featured_image_src":{"full":false,"thumbnail":false,"medium":false,"medium_large":false,"large":false,"1536x1536":false,"2048x2048":false},"uagb_author_info":{"display_name":"admin","author_link":"https:\/\/migliorihashtag.it\/author\/admin\/"},"uagb_comment_info":0,"uagb_excerpt":null,"_links":{"self":[{"href":"https:\/\/migliorihashtag.it\/index.php\/wp-json\/wp\/v2\/pages\/5","targetHints":{"allow":["GET"]}}],"collection":[{"href":"https:\/\/migliorihashtag.it\/index.php\/wp-json\/wp\/v2\/pages"}],"about":[{"href":"https:\/\/migliorihashtag.it\/index.php\/wp-json\/wp\/v2\/types\/page"}],"author":[{"embeddable":true,"href":"https:\/\/migliorihashtag.it\/index.php\/wp-json\/wp\/v2\/users\/1"}],"replies":[{"embeddable":true,"href":"https:\/\/migliorihashtag.it\/index.php\/wp-json\/wp\/v2\/comments?post=5"}],"version-history":[{"count":8,"href":"https:\/\/migliorihashtag.it\/index.php\/wp-json\/wp\/v2\/pages\/5\/revisions"}],"predecessor-version":[{"id":31,"href":"https:\/\/migliorihashtag.it\/index.php\/wp-json\/wp\/v2\/pages\/5\/revisions\/31"}],"wp:attachment":[{"href":"https:\/\/migliorihashtag.it\/index.php\/wp-json\/wp\/v2\/media?parent=5"}],"curies":[{"name":"wp","href":"https:\/\/api.w.org\/{rel}","templated":true}]}}